{"id":12,"date":"2026-04-01T14:59:07","date_gmt":"2026-04-01T19:59:07","guid":{"rendered":"https:\/\/bioplaver.org\/?page_id=12"},"modified":"2026-04-06T09:44:15","modified_gmt":"2026-04-06T14:44:15","slug":"inicio","status":"publish","type":"page","link":"https:\/\/www.bioplaver.org\/","title":{"rendered":"Inicio"},"content":{"rendered":"\n<div class=\"wp-block-cover alignfull wp-duotone-111111-01853d-2\" style=\"margin-top:0;padding-top:48px;padding-right:48px;padding-bottom:48px;padding-left:48px;min-height:66vh;aspect-ratio:unset;\"><img loading=\"lazy\" decoding=\"async\" width=\"1024\" height=\"683\" class=\"wp-block-cover__image-background wp-image-53 size-large\" alt=\"\" src=\"http:\/\/bioplaver.org\/wp-content\/uploads\/2026\/04\/bioplaver_fondo_portada_residencial_2mb-1024x683.jpg\" style=\"object-position:47% 19%\" data-object-fit=\"cover\" data-object-position=\"47% 19%\" srcset=\"https:\/\/www.bioplaver.org\/wp-content\/uploads\/2026\/04\/bioplaver_fondo_portada_residencial_2mb-1024x683.jpg 1024w, https:\/\/www.bioplaver.org\/wp-content\/uploads\/2026\/04\/bioplaver_fondo_portada_residencial_2mb-300x200.jpg 300w, https:\/\/www.bioplaver.org\/wp-content\/uploads\/2026\/04\/bioplaver_fondo_portada_residencial_2mb-768x512.jpg 768w, https:\/\/www.bioplaver.org\/wp-content\/uploads\/2026\/04\/bioplaver_fondo_portada_residencial_2mb.jpg 1536w\" sizes=\"auto, (max-width: 1024px) 100vw, 1024px\" \/><span aria-hidden=\"true\" class=\"wp-block-cover__background has-background-dim-30 has-background-dim\" style=\"background-color:#827d65\"><\/span><div class=\"wp-block-cover__inner-container is-layout-flow wp-block-cover-is-layout-flow\">\n<div class=\"wp-block-group has-global-padding is-content-justification-left is-layout-constrained wp-container-core-group-is-layout-0b562c1c wp-block-group-is-layout-constrained\">\n<h2 class=\"wp-block-heading has-text-align-left has-white-color has-text-color\" style=\"border-style:none;border-width:0px;font-size:clamp(30.693px, 1.918rem + ((1vw - 3.2px) * 2.285), 54px);font-style:normal;font-weight:700;letter-spacing:0px;line-height:1;text-transform:capitalize\">PMIRS para unidades residenciales<\/h2>\n\n\n\n<p>Acompa\u00f1amos a conjuntos residenciales y administraciones en la formulaci\u00f3n e implementaci\u00f3n de su <strong>Plan de Manejo Integral de Residuos S\u00f3lidos<\/strong>, con enfoque t\u00e9cnico, pedag\u00f3gico y aplicado.<\/p>\n<\/div>\n\n\n\n<div style=\"height:72px\" aria-hidden=\"true\" class=\"wp-block-spacer\"><\/div>\n\n\n\n<div class=\"wp-block-buttons is-content-justification-left is-nowrap is-layout-flex wp-container-core-buttons-is-layout-92e17da2 wp-block-buttons-is-layout-flex\">\n<div class=\"wp-block-button is-style-outline is-style-outline--1\"><a class=\"wp-block-button__link has-white-color has-text-color has-custom-font-size wp-element-button\" style=\"padding-top:24px;padding-right:48px;padding-bottom:24px;padding-left:48px;font-size:clamp(14px, 0.875rem + ((1vw - 3.2px) * 0.196), 16px);font-style:normal;font-weight:600;letter-spacing:0px;text-transform:uppercase\">Ver servicio<\/a><\/div>\n<\/div>\n<\/div><\/div>\n","protected":false},"excerpt":{"rendered":"","protected":false},"author":2,"featured_media":0,"parent":0,"menu_order":0,"comment_status":"closed","ping_status":"closed","template":"","meta":{"footnotes":""},"class_list":["post-12","page","type-page","status-publish","hentry"],"aioseo_notices":[],"_links":{"self":[{"href":"https:\/\/www.bioplaver.org\/index.php?rest_route=\/wp\/v2\/pages\/12","targetHints":{"allow":["GET"]}}],"collection":[{"href":"https:\/\/www.bioplaver.org\/index.php?rest_route=\/wp\/v2\/pages"}],"about":[{"href":"https:\/\/www.bioplaver.org\/index.php?rest_route=\/wp\/v2\/types\/page"}],"author":[{"embeddable":true,"href":"https:\/\/www.bioplaver.org\/index.php?rest_route=\/wp\/v2\/users\/2"}],"replies":[{"embeddable":true,"href":"https:\/\/www.bioplaver.org\/index.php?rest_route=%2Fwp%2Fv2%2Fcomments&post=12"}],"version-history":[{"count":3,"href":"https:\/\/www.bioplaver.org\/index.php?rest_route=\/wp\/v2\/pages\/12\/revisions"}],"predecessor-version":[{"id":57,"href":"https:\/\/www.bioplaver.org\/index.php?rest_route=\/wp\/v2\/pages\/12\/revisions\/57"}],"wp:attachment":[{"href":"https:\/\/www.bioplaver.org\/index.php?rest_route=%2Fwp%2Fv2%2Fmedia&parent=12"}],"curies":[{"name":"wp","href":"https:\/\/api.w.org\/{rel}","templated":true}]}}